{"id":9,"date":"2017-09-06T13:57:46","date_gmt":"2017-09-06T13:57:46","guid":{"rendered":"http:\/\/www.slovackymed.cz\/?page_id=9"},"modified":"2017-11-17T06:34:13","modified_gmt":"2017-11-17T06:34:13","slug":"about","status":"publish","type":"page","link":"https:\/\/www.slovackymed.cz\/index.php\/about\/","title":{"rendered":"O n\u00e1s"},"content":{"rendered":"<p>C\u00edlem je prodej a distribuce region\u00e1ln\u00edho produktu SLOV\u00c1CK\u00dd MED\u00ae jako podpora produktu m\u00edstn\u00edch v\u010dela\u0159\u016f\/v\u010dela\u0159stv\u00ed\u00a0 a sezn\u00e1men\u00ed kone\u010dn\u00e9ho spot\u0159ebitele s\u00a0informacemi o dan\u00e9m produktu \/\u0161ar\u017ei, kter\u00e9 jinak p\u0159i klasick\u00e9m prodeji obvykle nem\u00e1 mo\u017enost zjistit.<\/p>\n<p>Jako SLOVACK\u00dd MED\u00ae je ozna\u010dov\u00e1n v\u010del\u00ed med z\u00edskan\u00fd z\u00a0registrovan\u00fdch chov\u016f v\u010dely medonosn\u00e9 Apis mellifera ze sesb\u00edran\u00fdch sladk\u00fdch \u0161\u0165\u00e1v kv\u011bt\u016f rostlin (nektar) nebo ze sekret\u016f \u017eiv\u00fdch \u010d\u00e1st\u00ed rostlin nebo na \u017eiv\u00fdch \u010d\u00e1stech rostlin se vyskytuj\u00edc\u00edch (medovice) na \u00fazem\u00ed etnografick\u00e9ho regionu Slov\u00e1cko definovan\u00e9m okresy Uhersk\u00e9 Hradi\u0161t\u011b, Zl\u00edn, Krom\u011b\u0159\u00ed\u017e, Hodon\u00edn a B\u0159eclav. Tento med je ovlivn\u011bn slo\u017een\u00edm v\u010del\u00ed pastvy fl\u00f3rou jihov\u00fdchodn\u00ed Moravy, poho\u0159\u00ed Ch\u0159iby a B\u00edl\u00e9 Karpaty.<\/p>\n<p>V\u00a0r\u00e1mci programu organizov\u00e1n\u00ed prodeje a distribuce SLOV\u00c1CK\u00dd MED\u00ae\u00a0 se sna\u017e\u00edme kone\u010dn\u00e9mu spot\u0159ebiteli umo\u017enit z\u00edskat dopl\u0148uj\u00edc\u00ed informace o p\u016fvodu produktu v\u00a0p\u00edsemn\u00e9 (bro\u017eura), p\u0159\u00edpadn\u011b elektronick\u00e9 (web) form\u011b. A to zejm\u00e9na informace o Dodavateli (v\u010dela\u0159\/v\u010dela\u0159stv\u00ed), lokaci stanovi\u0161t\u011b v\u010delstev\/v\u010delnice, skladb\u011b v\u010del\u00ed pastvy v\u00a0dan\u00e9 lokalit\u011b, metod\u011b chovu, term\u00ednu vyto\u010den\u00ed medn\u00fdch pl\u00e1st\u016f\/medobran\u00ed.<br \/>\nMohou b\u00fdt dolo\u017eeny laboratorn\u00ed protokoly o kvalit\u011b, z\u00edskan\u00fdch ocen\u011bn\u00edch apod. P\u0159\u00edpadn\u011b dal\u0161\u00ed zaj\u00edmav\u00e1 specifika o dodavateli nebo dan\u00e9 \u0161ar\u017ee medu.<\/p>\n<p><img loading=\"lazy\" decoding=\"async\" class=\"aligncenter wp-image-47 size-large\" src=\"http:\/\/www.slovackymed.cz\/wp-content\/uploads\/2017\/09\/IMG_4714-1024x576.jpg\" alt=\"\" width=\"525\" height=\"295\" srcset=\"https:\/\/www.slovackymed.cz\/wp-content\/uploads\/2017\/09\/IMG_4714-1024x576.jpg 1024w, https:\/\/www.slovackymed.cz\/wp-content\/uploads\/2017\/09\/IMG_4714-300x169.jpg 300w, https:\/\/www.slovackymed.cz\/wp-content\/uploads\/2017\/09\/IMG_4714-768x432.jpg 768w, https:\/\/www.slovackymed.cz\/wp-content\/uploads\/2017\/09\/IMG_4714.jpg 1920w\" sizes=\"(max-width: 525px) 100vw, 525px\" \/><\/p>\n","protected":false},"excerpt":{"rendered":"<p>C\u00edlem je prodej a distribuce region\u00e1ln\u00edho produktu SLOV\u00c1CK\u00dd MED\u00ae jako podpora produktu m\u00edstn\u00edch v\u010dela\u0159\u016f\/v\u010dela\u0159stv\u00ed\u00a0 a sezn\u00e1men\u00ed kone\u010dn\u00e9ho spot\u0159ebitele s\u00a0informacemi o dan\u00e9m produktu \/\u0161ar\u017ei, kter\u00e9 jinak p\u0159i klasick\u00e9m prodeji obvykle nem\u00e1 mo\u017enost zjistit. Jako SLOVACK\u00dd MED\u00ae je ozna\u010dov\u00e1n v\u010del\u00ed med z\u00edskan\u00fd z\u00a0registrovan\u00fdch chov\u016f v\u010dely medonosn\u00e9 Apis mellifera ze sesb\u00edran\u00fdch sladk\u00fdch \u0161\u0165\u00e1v kv\u011bt\u016f rostlin (nektar) nebo ze &hellip; <\/p>\n<p class=\"link-more\"><a href=\"https:\/\/www.slovackymed.cz\/index.php\/about\/\" class=\"more-link\">Pokra\u010dovat ve \u010dten\u00ed<span class=\"screen-reader-text\"> &#8222;O n\u00e1s&#8220;<\/span><\/a><\/p>\n","protected":false},"author":1,"featured_media":0,"parent":0,"menu_order":0,"comment_status":"closed","ping_status":"closed","template":"","meta":{"footnotes":""},"class_list":["post-9","page","type-page","status-publish","hentry"],"_links":{"self":[{"href":"https:\/\/www.slovackymed.cz\/index.php\/wp-json\/wp\/v2\/pages\/9"}],"collection":[{"href":"https:\/\/www.slovackymed.cz\/index.php\/wp-json\/wp\/v2\/pages"}],"about":[{"href":"https:\/\/www.slovackymed.cz\/index.php\/wp-json\/wp\/v2\/types\/page"}],"author":[{"embeddable":true,"href":"https:\/\/www.slovackymed.cz\/index.php\/wp-json\/wp\/v2\/users\/1"}],"replies":[{"embeddable":true,"href":"https:\/\/www.slovackymed.cz\/index.php\/wp-json\/wp\/v2\/comments?post=9"}],"version-history":[{"count":7,"href":"https:\/\/www.slovackymed.cz\/index.php\/wp-json\/wp\/v2\/pages\/9\/revisions"}],"predecessor-version":[{"id":200,"href":"https:\/\/www.slovackymed.cz\/index.php\/wp-json\/wp\/v2\/pages\/9\/revisions\/200"}],"wp:attachment":[{"href":"https:\/\/www.slovackymed.cz\/index.php\/wp-json\/wp\/v2\/media?parent=9"}],"curies":[{"name":"wp","href":"https:\/\/api.w.org\/{rel}","templated":true}]}}