{"id":8,"date":"2017-09-06T13:57:46","date_gmt":"2017-09-06T13:57:46","guid":{"rendered":"http:\/\/www.slovackymed.cz\/?page_id=8"},"modified":"2018-02-04T11:56:09","modified_gmt":"2018-02-04T11:56:09","slug":"home","status":"publish","type":"page","link":"https:\/\/www.slovackymed.cz\/","title":{"rendered":"Home"},"content":{"rendered":"<p><span id=\"result_box\" class=\"\" lang=\"cs\"><span class=\"\">V\u00edtejte na na\u0161em webu!<\/span>\u00a0<\/span><\/p>\n<p>na t\u011bchto str\u00e1nk\u00e1ch m\u016f\u017eete nal\u00e9zt informace o Slov\u00e1ck\u00e9m medu.<\/p>\n<p>Touto zn\u00e1mkou je ozna\u010dov\u00e1n v\u010del\u00ed med z\u00edskan\u00fd z\u00a0registrovan\u00fdch chov\u016f v\u010dely medonosn\u00e9 Apis mellifera ze sesb\u00edran\u00fdch sladk\u00fdch \u0161\u0165\u00e1v kv\u011bt\u016f rostlin (nektar) nebo ze sekret\u016f \u017eiv\u00fdch \u010d\u00e1st\u00ed rostlin nebo na \u017eiv\u00fdch \u010d\u00e1stech rostlin se vyskytuj\u00edc\u00edch (medovice) na \u00fazem\u00ed etnografick\u00e9ho regionu Slov\u00e1cko definovan\u00e9m okresy Uhersk\u00e9 Hradi\u0161t\u011b, Zl\u00edn, Krom\u011b\u0159\u00ed\u017e, Hodon\u00edn a B\u0159eclav. Tento med je ovlivn\u011bn slo\u017een\u00edm v\u010del\u00ed pastvy fl\u00f3rou jihov\u00fdchodn\u00ed Moravy, poho\u0159\u00edm B\u00edl\u00fdch Karpat (Chr\u00e1n\u011bn\u00e1 krajinn\u00e1 oblast B\u00edl\u00e9 Karpaty) a poho\u0159\u00edm Ch\u0159iby (p\u0159\u00edrodn\u00ed park Ch\u0159iby &#8211; rozs\u00e1hl\u00fd soubor p\u0159ev\u00e1\u017en\u011b lesn\u00edch spole\u010denstev na prav\u00e9m b\u0159ehu \u0159eky Moravy kam je\u0161t\u011b zasahuje typick\u00e1 karpatsk\u00e1 lesn\u00ed fauna a flora).<\/p>\n<p>&nbsp;<\/p>\n<p>&nbsp;<\/p>\n","protected":false},"excerpt":{"rendered":"<p>V\u00edtejte na na\u0161em webu!\u00a0 na t\u011bchto str\u00e1nk\u00e1ch m\u016f\u017eete nal\u00e9zt informace o Slov\u00e1ck\u00e9m medu. Touto zn\u00e1mkou je ozna\u010dov\u00e1n v\u010del\u00ed med z\u00edskan\u00fd z\u00a0registrovan\u00fdch chov\u016f v\u010dely medonosn\u00e9 Apis mellifera ze sesb\u00edran\u00fdch sladk\u00fdch \u0161\u0165\u00e1v kv\u011bt\u016f rostlin (nektar) nebo ze sekret\u016f \u017eiv\u00fdch \u010d\u00e1st\u00ed rostlin nebo na \u017eiv\u00fdch \u010d\u00e1stech rostlin se vyskytuj\u00edc\u00edch (medovice) na \u00fazem\u00ed etnografick\u00e9ho regionu Slov\u00e1cko definovan\u00e9m okresy Uhersk\u00e9 &hellip; <\/p>\n<p class=\"link-more\"><a href=\"https:\/\/www.slovackymed.cz\/\" class=\"more-link\">Pokra\u010dovat ve \u010dten\u00ed<span class=\"screen-reader-text\"> &#8222;Home&#8220;<\/span><\/a><\/p>\n","protected":false},"author":1,"featured_media":0,"parent":0,"menu_order":0,"comment_status":"closed","ping_status":"closed","template":"","meta":{"footnotes":""},"class_list":["post-8","page","type-page","status-publish","hentry"],"_links":{"self":[{"href":"https:\/\/www.slovackymed.cz\/index.php\/wp-json\/wp\/v2\/pages\/8"}],"collection":[{"href":"https:\/\/www.slovackymed.cz\/index.php\/wp-json\/wp\/v2\/pages"}],"about":[{"href":"https:\/\/www.slovackymed.cz\/index.php\/wp-json\/wp\/v2\/types\/page"}],"author":[{"embeddable":true,"href":"https:\/\/www.slovackymed.cz\/index.php\/wp-json\/wp\/v2\/users\/1"}],"replies":[{"embeddable":true,"href":"https:\/\/www.slovackymed.cz\/index.php\/wp-json\/wp\/v2\/comments?post=8"}],"version-history":[{"count":8,"href":"https:\/\/www.slovackymed.cz\/index.php\/wp-json\/wp\/v2\/pages\/8\/revisions"}],"predecessor-version":[{"id":203,"href":"https:\/\/www.slovackymed.cz\/index.php\/wp-json\/wp\/v2\/pages\/8\/revisions\/203"}],"wp:attachment":[{"href":"https:\/\/www.slovackymed.cz\/index.php\/wp-json\/wp\/v2\/media?parent=8"}],"curies":[{"name":"wp","href":"https:\/\/api.w.org\/{rel}","templated":true}]}}