{"id":77,"date":"2017-09-06T18:49:14","date_gmt":"2017-09-06T18:49:14","guid":{"rendered":"http:\/\/www.slovackymed.cz\/?page_id=77"},"modified":"2017-09-16T13:37:11","modified_gmt":"2017-09-16T13:37:11","slug":"v1_novotny","status":"publish","type":"page","link":"https:\/\/www.slovackymed.cz\/index.php\/partneri\/v1_novotny\/","title":{"rendered":"V\u010dela\u0159stv\u00ed NOVOTN\u00dd"},"content":{"rendered":"<p>bli\u017e\u0161\u00ed popis<\/p>\n","protected":false},"excerpt":{"rendered":"<p>bli\u017e\u0161\u00ed popis<\/p>\n","protected":false},"author":1,"featured_media":0,"parent":72,"menu_order":1,"comment_status":"closed","ping_status":"closed","template":"","meta":{"footnotes":""},"class_list":["post-77","page","type-page","status-publish","hentry"],"_links":{"self":[{"href":"https:\/\/www.slovackymed.cz\/index.php\/wp-json\/wp\/v2\/pages\/77"}],"collection":[{"href":"https:\/\/www.slovackymed.cz\/index.php\/wp-json\/wp\/v2\/pages"}],"about":[{"href":"https:\/\/www.slovackymed.cz\/index.php\/wp-json\/wp\/v2\/types\/page"}],"author":[{"embeddable":true,"href":"https:\/\/www.slovackymed.cz\/index.php\/wp-json\/wp\/v2\/users\/1"}],"replies":[{"embeddable":true,"href":"https:\/\/www.slovackymed.cz\/index.php\/wp-json\/wp\/v2\/comments?post=77"}],"version-history":[{"count":3,"href":"https:\/\/www.slovackymed.cz\/index.php\/wp-json\/wp\/v2\/pages\/77\/revisions"}],"predecessor-version":[{"id":114,"href":"https:\/\/www.slovackymed.cz\/index.php\/wp-json\/wp\/v2\/pages\/77\/revisions\/114"}],"up":[{"embeddable":true,"href":"https:\/\/www.slovackymed.cz\/index.php\/wp-json\/wp\/v2\/pages\/72"}],"wp:attachment":[{"href":"https:\/\/www.slovackymed.cz\/index.php\/wp-json\/wp\/v2\/media?parent=77"}],"curies":[{"name":"wp","href":"https:\/\/api.w.org\/{rel}","templated":true}]}}