{"id":2,"date":"2017-09-07T10:05:36","date_gmt":"2017-09-07T10:05:36","guid":{"rendered":"http:\/\/localhost\/wp\/wp481\/?page_id=2"},"modified":"2017-11-17T06:11:25","modified_gmt":"2017-11-17T06:11:25","slug":"vceliprodukty","status":"publish","type":"page","link":"https:\/\/www.slovackymed.cz\/index.php\/vceliprodukty\/","title":{"rendered":"V\u010del\u00ed produkty"},"content":{"rendered":"<p><strong>MED<\/strong><br \/>\n&#8211; j<img loading=\"lazy\" decoding=\"async\" class=\"alignleft size-thumbnail wp-image-33\" src=\"http:\/\/www.slovackymed.cz\/wp-content\/uploads\/2017\/09\/cropped-IMG_6603-150x150.jpg\" alt=\"\" width=\"150\" height=\"150\" srcset=\"https:\/\/www.slovackymed.cz\/wp-content\/uploads\/2017\/09\/cropped-IMG_6603-150x150.jpg 150w, https:\/\/www.slovackymed.cz\/wp-content\/uploads\/2017\/09\/cropped-IMG_6603-100x100.jpg 100w\" sizes=\"(max-width: 150px) 100vw, 150px\" \/>de o produkt od v\u010dely medonosn\u00e9 Apis mellifera ze sesb\u00edran\u00fdch sladk\u00fdch \u0161\u0165\u00e1v kv\u011bt\u016f rostlin (nektar) nebo ze sekret\u016f \u017eiv\u00fdch \u010d\u00e1st\u00ed rostlin nebo na \u017eiv\u00fdch \u010d\u00e1stech rostlin se vyskytuj\u00edc\u00edch (medovice). V\u010dely med vytv\u00e1\u0159ej\u00ed pro svou pot\u0159ebu jako hlavn\u00ed zdroj energetick\u00fdch z\u00e1sob od \u010dasn\u00e9ho jara a\u017e do podzimu. Podle n\u011bkter\u00fdch teori\u00ed nen\u00ed med roztok, ale vzhledem ke sv\u00e9mu pom\u011brn\u011b such\u00e9mu charakteru (obvykle pod 18%vody) se jedn\u00e1 o koloidn\u00ed, micel\u00e1rn\u00ed strukturu zvanou sol.\u00a0 <em>(pro z\u00e1jemce chtiv\u00e9 v\u011bd\u011bn\u00ed doporu\u010dujeme Literaturu V\u010del\u00ed produkty m\u00fdt\u016f zbaven\u00e9 od Dalibora Tit\u011bry)&#8230;\u00a0<\/em><a href=\"http:\/\/www.slovackymed.cz\/index.php\/med\/\"><span style=\"color: #0000ff;\"> v\u00edce ZDE<\/span><\/a><em><br \/>\n<\/em><\/p>\n<p><strong>MEDOVINA<\/strong> &#8211;<\/p>\n<p><strong>V\u010cEL\u00cd VOSK<\/strong> &#8211;<\/p>\n<p><strong>PYL<\/strong> &#8211;<\/p>\n<p><strong>MATE\u0158\u00cd KA\u0160I\u010cKA<\/strong> &#8211;<\/p>\n<p><strong>PROPOLIS<\/strong> &#8211;<\/p>\n<p><strong>V\u010cEL\u00cd JED<\/strong> &#8211;<\/p>\n<p>&nbsp;<\/p>\n","protected":false},"excerpt":{"rendered":"<p>MED &#8211; jde o produkt od v\u010dely medonosn\u00e9 Apis mellifera ze sesb\u00edran\u00fdch sladk\u00fdch \u0161\u0165\u00e1v kv\u011bt\u016f rostlin (nektar) nebo ze sekret\u016f \u017eiv\u00fdch \u010d\u00e1st\u00ed rostlin nebo na \u017eiv\u00fdch \u010d\u00e1stech rostlin se vyskytuj\u00edc\u00edch (medovice). V\u010dely med vytv\u00e1\u0159ej\u00ed pro svou pot\u0159ebu jako hlavn\u00ed zdroj energetick\u00fdch z\u00e1sob od \u010dasn\u00e9ho jara a\u017e do podzimu. Podle n\u011bkter\u00fdch teori\u00ed nen\u00ed med roztok, ale &hellip; <\/p>\n<p class=\"link-more\"><a href=\"https:\/\/www.slovackymed.cz\/index.php\/vceliprodukty\/\" class=\"more-link\">Pokra\u010dovat ve \u010dten\u00ed<span class=\"screen-reader-text\"> &#8222;V\u010del\u00ed produkty&#8220;<\/span><\/a><\/p>\n","protected":false},"author":1,"featured_media":0,"parent":0,"menu_order":0,"comment_status":"closed","ping_status":"open","template":"","meta":{"footnotes":""},"class_list":["post-2","page","type-page","status-publish","hentry"],"_links":{"self":[{"href":"https:\/\/www.slovackymed.cz\/index.php\/wp-json\/wp\/v2\/pages\/2"}],"collection":[{"href":"https:\/\/www.slovackymed.cz\/index.php\/wp-json\/wp\/v2\/pages"}],"about":[{"href":"https:\/\/www.slovackymed.cz\/index.php\/wp-json\/wp\/v2\/types\/page"}],"author":[{"embeddable":true,"href":"https:\/\/www.slovackymed.cz\/index.php\/wp-json\/wp\/v2\/users\/1"}],"replies":[{"embeddable":true,"href":"https:\/\/www.slovackymed.cz\/index.php\/wp-json\/wp\/v2\/comments?post=2"}],"version-history":[{"count":9,"href":"https:\/\/www.slovackymed.cz\/index.php\/wp-json\/wp\/v2\/pages\/2\/revisions"}],"predecessor-version":[{"id":199,"href":"https:\/\/www.slovackymed.cz\/index.php\/wp-json\/wp\/v2\/pages\/2\/revisions\/199"}],"wp:attachment":[{"href":"https:\/\/www.slovackymed.cz\/index.php\/wp-json\/wp\/v2\/media?parent=2"}],"curies":[{"name":"wp","href":"https:\/\/api.w.org\/{rel}","templated":true}]}}