{"id":182,"date":"2017-11-16T15:45:04","date_gmt":"2017-11-16T15:45:04","guid":{"rendered":"http:\/\/www.slovackymed.cz\/?page_id=182"},"modified":"2017-11-16T15:57:05","modified_gmt":"2017-11-16T15:57:05","slug":"med","status":"publish","type":"page","link":"https:\/\/www.slovackymed.cz\/index.php\/med\/","title":{"rendered":"MED"},"content":{"rendered":"<p><strong>MED<\/strong> &#8211; jde o produkt od v\u010dely medonosn\u00e9 Apis mellifera ze sesb\u00edran\u00fdch sladk\u00fdch \u0161\u0165\u00e1v kv\u011bt\u016f rostlin (nektar) nebo ze sekret\u016f \u017eiv\u00fdch \u010d\u00e1st\u00ed rostlin nebo na \u017eiv\u00fdch \u010d\u00e1stech rostlin se vyskytuj\u00edc\u00edch (medovice). V\u010dely med vytv\u00e1\u0159ej\u00ed pro svou pot\u0159ebu jako hlavn\u00ed zdroj energetick\u00fdch z\u00e1sob od \u010dasn\u00e9ho jara a\u017e do podzimu. Podle n\u011bkter\u00fdch teori\u00ed nen\u00ed med roztok, ale vzhledem ke sv\u00e9mu pom\u011brn\u011b such\u00e9mu charakteru (obvykle pod 18%vody) se jedn\u00e1 o koloidn\u00ed, micel\u00e1rn\u00ed strukturu zvanou sol.\u00a0 <em>(pro z\u00e1jemce chtiv\u00e9 v\u011bd\u011bn\u00ed doporu\u010dujeme Literaturu V\u010del\u00ed produkty m\u00fdt\u016f zbaven\u00e9 od Dalibora Tit\u011bry)<\/em><\/p>\n<p>Pro med nen\u00ed nutn\u00e9 u\u017e\u00edvat v\u00fdraz\u016f jako &#8222;prav\u00fd&#8220; nebo &#8222;v\u010del\u00ed&#8220; nebo\u0165 \u017e\u00e1dn\u00fd jin\u00fd produkt (potravina) ne\u017e v\u010del\u00ed med by nem\u011bla b\u00fdt naz\u00fdv\u00e1na MEDem.<\/p>\n<p>Z\u00e1kladn\u00ed \u010dlen\u011bn\u00ed je na &#8222;kv\u011btov\u00fd&#8220; a &#8222;medovicov\u00fd&#8220; med.<\/p>\n<p><u>KV\u011aTOV\u00dd<\/u> &#8211; je z\u00edsk\u00e1n z nektaru kv\u011bt\u016f<\/p>\n<p><u>MEDOVICOV\u00dd<\/u> &#8211; je sezb\u00edr\u00e1n v\u010delami od producent\u016f medovice ( M\u0161ice, Zdobnatky, Puklice, Medovice, apod.)<\/p>\n<p><em>v praxi se ale p\u0159ev\u00e1\u017en\u011b, hlavn\u011b u letn\u00edch med\u016f, setk\u00e1v\u00e1me se sm\u011bs\u00ed t\u011bcto medu a rozli\u0161en\u00ed kter\u00e1 slo\u017eka p\u0159eva\u017euje se prov\u00e1d\u00ed laboratorn\u011b m\u011b\u0159en\u00edm elektrick\u00e9 vodivosti&#8230;<\/em><\/p>\n<p><u>PASTOV\u00dd<\/u> &#8211; med u n\u011bho\u017e vyu\u017e\u00edv\u00e1me p\u0159irozen\u00e9 vlastnosti ke krystalizaci a \u0159\u00edzen\u011b mechanicky uprav\u00edme (t\u0159en\u00edm) velikost krystal\u016f na jemnou strukturu. Obvykle se pastuj\u00ed jarn\u00ed, rychle krystalizij\u00edc\u00ed medy. Takto napastovan\u00fd med ji\u017e nikdy (na rozd\u00edl od tekut\u00fdch med\u016f) nezkrystalizuje do tvrd\u00fdch (betonov\u00fdch) stav\u016f, ale v\u017edy z\u016fstane\u00a0 v pastovit\u00e9m charakteru struktury (maz\u00e1n\u00ed). Nav\u00edc tyto medy nen\u00ed nutn\u00e9 pozd\u011bji ztekucovat teplem.\u00a0 <em>Podot\u00fdk\u00e1me, \u017ee se nikdy nejedn\u00e1 o &#8222;\u0161leh\u00e1n\u00ed&#8220; medu, jak se n\u011bkdy traduje ! proto\u017ee vy\u0161\u0161\u00ed p\u0159\u00edtomnost vzduchu by mu mohla u\u0161kodit (oxidace, hydroskopn\u00ed pohlcen\u00ed vzdu\u0161n\u00e9 vlhkosti, ztr\u00e1ta chuti&#8230;) ale o t\u0159en\u00ed krystal\u016f do jemna. Obvykle se prov\u00e1d\u00ed pastovac\u00edm strojem (mlet\u00ed) nebo d\u0159ev\u011bn\u00fdm \u010di nerezov\u00fdm hranolem do jemn\u00fdch forem.<\/em><\/p>\n<p><a href=\"http:\/\/www.slovackymed.cz\/index.php\/nabidkamed\/\"><span style=\"color: #0000ff;\">AKTU\u00c1LN\u00cd NAB\u00cdDKA<\/span><\/a><\/p>\n","protected":false},"excerpt":{"rendered":"<p>MED &#8211; jde o produkt od v\u010dely medonosn\u00e9 Apis mellifera ze sesb\u00edran\u00fdch sladk\u00fdch \u0161\u0165\u00e1v kv\u011bt\u016f rostlin (nektar) nebo ze sekret\u016f \u017eiv\u00fdch \u010d\u00e1st\u00ed rostlin nebo na \u017eiv\u00fdch \u010d\u00e1stech rostlin se vyskytuj\u00edc\u00edch (medovice). V\u010dely med vytv\u00e1\u0159ej\u00ed pro svou pot\u0159ebu jako hlavn\u00ed zdroj energetick\u00fdch z\u00e1sob od \u010dasn\u00e9ho jara a\u017e do podzimu. Podle n\u011bkter\u00fdch teori\u00ed nen\u00ed med roztok, ale &hellip; <\/p>\n<p class=\"link-more\"><a href=\"https:\/\/www.slovackymed.cz\/index.php\/med\/\" class=\"more-link\">Pokra\u010dovat ve \u010dten\u00ed<span class=\"screen-reader-text\"> &#8222;MED&#8220;<\/span><\/a><\/p>\n","protected":false},"author":1,"featured_media":0,"parent":0,"menu_order":0,"comment_status":"closed","ping_status":"closed","template":"","meta":{"footnotes":""},"class_list":["post-182","page","type-page","status-publish","hentry"],"_links":{"self":[{"href":"https:\/\/www.slovackymed.cz\/index.php\/wp-json\/wp\/v2\/pages\/182"}],"collection":[{"href":"https:\/\/www.slovackymed.cz\/index.php\/wp-json\/wp\/v2\/pages"}],"about":[{"href":"https:\/\/www.slovackymed.cz\/index.php\/wp-json\/wp\/v2\/types\/page"}],"author":[{"embeddable":true,"href":"https:\/\/www.slovackymed.cz\/index.php\/wp-json\/wp\/v2\/users\/1"}],"replies":[{"embeddable":true,"href":"https:\/\/www.slovackymed.cz\/index.php\/wp-json\/wp\/v2\/comments?post=182"}],"version-history":[{"count":4,"href":"https:\/\/www.slovackymed.cz\/index.php\/wp-json\/wp\/v2\/pages\/182\/revisions"}],"predecessor-version":[{"id":188,"href":"https:\/\/www.slovackymed.cz\/index.php\/wp-json\/wp\/v2\/pages\/182\/revisions\/188"}],"wp:attachment":[{"href":"https:\/\/www.slovackymed.cz\/index.php\/wp-json\/wp\/v2\/media?parent=182"}],"curies":[{"name":"wp","href":"https:\/\/api.w.org\/{rel}","templated":true}]}}