{"id":177,"date":"2017-11-16T15:06:45","date_gmt":"2017-11-16T15:06:45","guid":{"rendered":"http:\/\/www.slovackymed.cz\/?page_id=177"},"modified":"2023-03-13T09:21:53","modified_gmt":"2023-03-13T09:21:53","slug":"nabidkamed","status":"publish","type":"page","link":"https:\/\/www.slovackymed.cz\/index.php\/nabidkamed\/","title":{"rendered":"Nab\u00eddka Med"},"content":{"rendered":"<p><strong>Aktu\u00e1ln\u00ed nab\u00eddka med\u016f:<\/strong><\/p>\n<p><img decoding=\"async\" class=\"details-image\" draggable=\"false\" src=\"http:\/\/www.slovackymed.cz\/wp-content\/uploads\/2017\/11\/IMG_4420-1024x768.jpg\" alt=\"\" \/><\/p>\n<p style=\"text-align: center;\"><span style=\"color: #ff0000;\">&#8212;&#8212; je n\u00e1m l\u00edto, ale Limitovan\u00e1 Edice SLOV\u00c1CK\u00dd MED\u00ae <\/span><span style=\"color: #ff0000;\">od vybran\u00fdch region\u00e1ln\u00edch partner\u016f pro rok 2022 je ji\u017e vyprod\u00e1na <\/span><span style=\"color: #ff0000;\">&#8212;&#8212;<\/span><\/p>\n<p style=\"text-align: center;\">na ja\u0159e roku 2023 V\u00e1s budeme informovat o nov\u00e9 nab\u00eddce \ud83d\ude42<br \/>\nP\u0159ejeme V\u00e1m do t\u00e9 doby Hodn\u011b zdrav\u00ed.<\/p>\n<p>&nbsp;<\/p>\n","protected":false},"excerpt":{"rendered":"<p>Aktu\u00e1ln\u00ed nab\u00eddka med\u016f: &#8212;&#8212; je n\u00e1m l\u00edto, ale Limitovan\u00e1 Edice SLOV\u00c1CK\u00dd MED\u00ae od vybran\u00fdch region\u00e1ln\u00edch partner\u016f pro rok 2022 je ji\u017e vyprod\u00e1na &#8212;&#8212; na ja\u0159e roku 2023 V\u00e1s budeme informovat o nov\u00e9 nab\u00eddce \ud83d\ude42 P\u0159ejeme V\u00e1m do t\u00e9 doby Hodn\u011b zdrav\u00ed. &nbsp;<\/p>\n","protected":false},"author":1,"featured_media":0,"parent":0,"menu_order":0,"comment_status":"closed","ping_status":"closed","template":"","meta":{"footnotes":""},"class_list":["post-177","page","type-page","status-publish","hentry"],"_links":{"self":[{"href":"https:\/\/www.slovackymed.cz\/index.php\/wp-json\/wp\/v2\/pages\/177"}],"collection":[{"href":"https:\/\/www.slovackymed.cz\/index.php\/wp-json\/wp\/v2\/pages"}],"about":[{"href":"https:\/\/www.slovackymed.cz\/index.php\/wp-json\/wp\/v2\/types\/page"}],"author":[{"embeddable":true,"href":"https:\/\/www.slovackymed.cz\/index.php\/wp-json\/wp\/v2\/users\/1"}],"replies":[{"embeddable":true,"href":"https:\/\/www.slovackymed.cz\/index.php\/wp-json\/wp\/v2\/comments?post=177"}],"version-history":[{"count":11,"href":"https:\/\/www.slovackymed.cz\/index.php\/wp-json\/wp\/v2\/pages\/177\/revisions"}],"predecessor-version":[{"id":218,"href":"https:\/\/www.slovackymed.cz\/index.php\/wp-json\/wp\/v2\/pages\/177\/revisions\/218"}],"wp:attachment":[{"href":"https:\/\/www.slovackymed.cz\/index.php\/wp-json\/wp\/v2\/media?parent=177"}],"curies":[{"name":"wp","href":"https:\/\/api.w.org\/{rel}","templated":true}]}}